{"id":14,"date":"2012-05-09T10:05:37","date_gmt":"2012-05-09T10:05:37","guid":{"rendered":"http:\/\/www.tschuleteros.de\/tschuleteros\/?page_id=14"},"modified":"2012-05-09T10:05:37","modified_gmt":"2012-05-09T10:05:37","slug":"impressum","status":"publish","type":"page","link":"http:\/\/www.tschuleteros.de\/?page_id=14","title":{"rendered":"Impressum"},"content":{"rendered":"<p>Registergericht: Amtsgericht Stuttgart<br \/>\nRegisternummer:<\/p>\n<p>Inhaltlich Verantwortlicher gem. \u00a7 6 MDStV: Dirk Holzmann<\/p>\n<p>Kontakt per Mail: <a href=\"mailto:tschuleteros@up2ma.de\">tschuleteros@up2ma.de<\/a><\/p>\n<p>Haftungshinweis: Trotz sorgf\u00e4ltiger inhaltlicher Kontrolle \u00fcbernehmen wir keinerlei Haftung f\u00fcr die Inhalte, auch nicht f\u00fcr externe Links. F\u00fcr den Inhalt der verlinkten Seiten sind ausschlie\u00dflich deren Betreiber verantwortlich.<\/p>\n","protected":false},"excerpt":{"rendered":"<p>Registergericht: Amtsgericht Stuttgart Registernummer: Inhaltlich Verantwortlicher gem. \u00a7 6 MDStV: Dirk Holzmann Kontakt per Mail: tschuleteros@up2ma.de Haftungshinweis: Trotz sorgf\u00e4ltiger inhaltlicher Kontrolle \u00fcbernehmen wir keinerlei Haftung f\u00fcr die Inhalte, auch nicht f\u00fcr externe Links. F\u00fcr den Inhalt der verlinkten Seiten sind ausschlie\u00dflich deren Betreiber verantwortlich.<\/p>\n","protected":false},"author":1,"featured_media":0,"parent":0,"menu_order":5,"comment_status":"closed","ping_status":"closed","template":"","meta":[],"_links":{"self":[{"href":"http:\/\/www.tschuleteros.de\/index.php?rest_route=\/wp\/v2\/pages\/14"}],"collection":[{"href":"http:\/\/www.tschuleteros.de\/index.php?rest_route=\/wp\/v2\/pages"}],"about":[{"href":"http:\/\/www.tschuleteros.de\/index.php?rest_route=\/wp\/v2\/types\/page"}],"author":[{"embeddable":true,"href":"http:\/\/www.tschuleteros.de\/index.php?rest_route=\/wp\/v2\/users\/1"}],"replies":[{"embeddable":true,"href":"http:\/\/www.tschuleteros.de\/index.php?rest_route=%2Fwp%2Fv2%2Fcomments&post=14"}],"version-history":[{"count":0,"href":"http:\/\/www.tschuleteros.de\/index.php?rest_route=\/wp\/v2\/pages\/14\/revisions"}],"wp:attachment":[{"href":"http:\/\/www.tschuleteros.de\/index.php?rest_route=%2Fwp%2Fv2%2Fmedia&parent=14"}],"curies":[{"name":"wp","href":"https:\/\/api.w.org\/{rel}","templated":true}]}}