{"id":38,"date":"2013-01-06T13:13:03","date_gmt":"2013-01-06T13:13:03","guid":{"rendered":"http:\/\/www.tschuleteros.de\/tschuleteros\/?page_id=38"},"modified":"2016-01-04T00:24:39","modified_gmt":"2016-01-03T22:24:39","slug":"saisonverlauf","status":"publish","type":"page","link":"http:\/\/www.tschuleteros.de\/?page_id=38","title":{"rendered":"Saisonverlauf"},"content":{"rendered":"<p><a href=\"http:\/\/www.basketball-bund.net\/index.jsp?Action=102&amp;liga_id=16487\" target=\"_blank\">Aktuelle Tabelle KL A1<\/a> Deutscher Basketballbund<\/p>\n<p><a href=\"http:\/\/www.basketball-bund.net\/index.jsp?Action=103&amp;liga_id=18425&amp;defaultview=1\" target=\"_blank\">Aktueller Stand Bezirkspokal Herren<\/a> Deutscher Basketballbund<\/p>\n<p><a href=\"http:\/\/www.bbw-bezirk3.de\/\" target=\"_blank\">Aktueller Saisonverlauf 2015\/16<\/a> Basketballverband Baden-W\u00fcrttemberg e.V.<\/p>\n<p>Hier noch <a title=\"Saison 2014\/15 - AKTUELL\" href=\"http:\/\/www.bbw-bezirk3.de\/content\/senioren\/bezirk3.php?id=15354\" target=\"_blank\">der Direktlink<\/a>, funktioniert aber nicht mit allen Browsern, Handies etc.<\/p>\n<p>Dort m\u00fcsst ihr oben auf &#8222;<strong>Senioren<\/strong>&#8220; klicken, fragt bitte nicht warum wir zu den Senioren geh\u00f6ren&#8230; <img class=\"wpml_ico\" src=\"http:\/\/www.tschuleteros.de\/tschuleteros\/wp-content\/plugins\/wp-monalisa\/icons\/wpml_whistle3.gif\" alt=\"\" \/><\/p>\n<p>Und im Anschluss auf der linken Seite auf <strong>KLA1<\/strong> (Kreisliga A 1). Dort findet ihr alle wichtigen Informationen.<br \/>\nVielen Dank auf diesem Wege, f\u00fcr das Pflegen und st\u00e4ndige Aktualisiern, an die Seite <strong>BBW-BEZIRK 3<\/strong> (Neckar\/Rems) <img class=\"wpml_ico\" src=\"http:\/\/www.tschuleteros.de\/tschuleteros\/wp-content\/plugins\/wp-monalisa\/icons\/wpml_bye.gif\" alt=\"\" \/><\/p>\n<p>&nbsp;<\/p>\n<p>&nbsp;<\/p>\n","protected":false},"excerpt":{"rendered":"<p>Aktuelle Tabelle KL A1 Deutscher Basketballbund Aktueller Stand Bezirkspokal Herren Deutscher Basketballbund Aktueller Saisonverlauf 2015\/16 Basketballverband Baden-W\u00fcrttemberg e.V. Hier noch der Direktlink, funktioniert aber nicht mit allen Browsern, Handies etc. Dort m\u00fcsst ihr oben auf &#8222;Senioren&#8220; klicken, fragt bitte nicht warum wir zu den Senioren geh\u00f6ren&#8230; Und im Anschluss auf der linken Seite auf KLA1<\/p>\n<footer class=\"entry-footer index-entry\">\n<div class=\"post-social pull-left\"><a href=\"https:\/\/www.facebook.com\/sharer\/sharer.php?u=http%3A%2F%2Fwww.tschuleteros.de%2F%3Fpage_id%3D38\" target=\"_blank\" class=\"social-icons\"><i class=\"fa fa-facebook\" aria-hidden=\"true\"><\/i><\/a><a href=\"https:\/\/twitter.com\/home?status=http%3A%2F%2Fwww.tschuleteros.de%2F%3Fpage_id%3D38\" target=\"_blank\" class=\"social-icons\"><i class=\"fa fa-twitter\" aria-hidden=\"true\"><\/i><\/a><a href=\"https:\/\/www.linkedin.com\/shareArticle?mini=true&#038;url=http%3A%2F%2Fwww.tschuleteros.de%2F%3Fpage_id%3D38&#038;title=Saisonverlauf\" target=\"_blank\" class=\"social-icons\"><i class=\"fa fa-linkedin\" aria-hidden=\"true\"><\/i><\/a><\/div>\n<p class=\"link-more\"><a href=\"http:\/\/www.tschuleteros.de\/?page_id=38\" class=\"more-link\">Continue reading <span class=\"meta-nav\">\u2192<\/span><\/a><\/p>\n<\/footer>\n","protected":false},"author":1,"featured_media":0,"parent":0,"menu_order":2,"comment_status":"closed","ping_status":"closed","template":"","meta":[],"_links":{"self":[{"href":"http:\/\/www.tschuleteros.de\/index.php?rest_route=\/wp\/v2\/pages\/38"}],"collection":[{"href":"http:\/\/www.tschuleteros.de\/index.php?rest_route=\/wp\/v2\/pages"}],"about":[{"href":"http:\/\/www.tschuleteros.de\/index.php?rest_route=\/wp\/v2\/types\/page"}],"author":[{"embeddable":true,"href":"http:\/\/www.tschuleteros.de\/index.php?rest_route=\/wp\/v2\/users\/1"}],"replies":[{"embeddable":true,"href":"http:\/\/www.tschuleteros.de\/index.php?rest_route=%2Fwp%2Fv2%2Fcomments&post=38"}],"version-history":[{"count":9,"href":"http:\/\/www.tschuleteros.de\/index.php?rest_route=\/wp\/v2\/pages\/38\/revisions"}],"predecessor-version":[{"id":636,"href":"http:\/\/www.tschuleteros.de\/index.php?rest_route=\/wp\/v2\/pages\/38\/revisions\/636"}],"wp:attachment":[{"href":"http:\/\/www.tschuleteros.de\/index.php?rest_route=%2Fwp%2Fv2%2Fmedia&parent=38"}],"curies":[{"name":"wp","href":"https:\/\/api.w.org\/{rel}","templated":true}]}}